{"id":23163,"date":"2025-05-22T17:02:09","date_gmt":"2025-05-22T15:02:09","guid":{"rendered":"https:\/\/psichess.com\/?post_type=product&#038;p=23163"},"modified":"2025-09-23T16:01:29","modified_gmt":"2025-09-23T14:01:29","slug":"evaluacion","status":"publish","type":"product","link":"https:\/\/psichess.com\/en\/producto\/evaluacion\/","title":{"rendered":"Sesi\u00f3n de evaluaci\u00f3n"},"content":{"rendered":"<p>Sesi\u00f3n de evaluaci\u00f3n con una duraci\u00f3n de 90 minutos. En esta sesi\u00f3n, se realizar\u00e1 una evaluaci\u00f3n sobre las diferentes habilidades psicol\u00f3gicas del jugador y se le ofrecer\u00e1 un plan de trabajo posterior.<\/p>\n","protected":false},"excerpt":{"rendered":"<div class=\"rpt_feature rpt_feature_0-0\">Informe personalizado<\/div>\n<div class=\"rpt_feature rpt_feature_0-1\">60 minutos de sesi\u00f3n<\/div>\n<div class=\"rpt_feature last rpt_feature_0-2\">Recomendaciones de entrenamiento<\/div>\n","protected":false},"featured_media":71665,"comment_status":"open","ping_status":"closed","template":"","meta":{"_acf_changed":false,"_et_pb_use_builder":"","_et_pb_old_content":"","_et_gb_content_width":""},"product_brand":[],"product_cat":[29],"product_tag":[],"class_list":{"0":"post-23163","1":"product","2":"type-product","3":"status-publish","4":"has-post-thumbnail","6":"product_cat-psicologia","8":"first","9":"instock","10":"virtual","11":"purchasable","12":"product-type-simple"},"acf":[],"_links":{"self":[{"href":"https:\/\/psichess.com\/en\/wp-json\/wp\/v2\/product\/23163","targetHints":{"allow":["GET"]}}],"collection":[{"href":"https:\/\/psichess.com\/en\/wp-json\/wp\/v2\/product"}],"about":[{"href":"https:\/\/psichess.com\/en\/wp-json\/wp\/v2\/types\/product"}],"replies":[{"embeddable":true,"href":"https:\/\/psichess.com\/en\/wp-json\/wp\/v2\/comments?post=23163"}],"wp:featuredmedia":[{"embeddable":true,"href":"https:\/\/psichess.com\/en\/wp-json\/wp\/v2\/media\/71665"}],"wp:attachment":[{"href":"https:\/\/psichess.com\/en\/wp-json\/wp\/v2\/media?parent=23163"}],"wp:term":[{"taxonomy":"product_brand","embeddable":true,"href":"https:\/\/psichess.com\/en\/wp-json\/wp\/v2\/product_brand?post=23163"},{"taxonomy":"product_cat","embeddable":true,"href":"https:\/\/psichess.com\/en\/wp-json\/wp\/v2\/product_cat?post=23163"},{"taxonomy":"product_tag","embeddable":true,"href":"https:\/\/psichess.com\/en\/wp-json\/wp\/v2\/product_tag?post=23163"}],"curies":[{"name":"wp","href":"https:\/\/api.w.org\/{rel}","templated":true}]}}