{"id":23164,"date":"2025-05-22T17:26:42","date_gmt":"2025-05-22T15:26:42","guid":{"rendered":"https:\/\/psichess.com\/?post_type=product&#038;p=23164"},"modified":"2025-09-23T16:01:19","modified_gmt":"2025-09-23T14:01:19","slug":"sesion-individual","status":"publish","type":"product","link":"https:\/\/psichess.com\/en\/producto\/sesion-individual\/","title":{"rendered":"Sesi\u00f3n individual"},"content":{"rendered":"<p>Es una sesi\u00f3n psicol\u00f3gica individual y puntual. Tendr\u00e1 una duraci\u00f3n de 60 minutos y en ella se trabajar\u00e1n aspectos del rendimiento del deportista.<\/p>\n","protected":false},"excerpt":{"rendered":"<div class=\"rpt_feature rpt_feature_1-0\">Sesi\u00f3n de entrenamiento psicol\u00f3gico<\/div>\n<div class=\"rpt_feature last rpt_feature_1-1\">60 minutos de sesi\u00f3n<\/div>\n","protected":false},"featured_media":71666,"comment_status":"closed","ping_status":"closed","template":"","meta":{"_acf_changed":false,"_et_pb_use_builder":"","_et_pb_old_content":"","_et_gb_content_width":""},"product_brand":[],"product_cat":[29],"product_tag":[],"class_list":{"0":"post-23164","1":"product","2":"type-product","3":"status-publish","4":"has-post-thumbnail","6":"product_cat-psicologia","8":"first","9":"instock","10":"virtual","11":"purchasable","12":"product-type-simple"},"acf":[],"_links":{"self":[{"href":"https:\/\/psichess.com\/en\/wp-json\/wp\/v2\/product\/23164","targetHints":{"allow":["GET"]}}],"collection":[{"href":"https:\/\/psichess.com\/en\/wp-json\/wp\/v2\/product"}],"about":[{"href":"https:\/\/psichess.com\/en\/wp-json\/wp\/v2\/types\/product"}],"replies":[{"embeddable":true,"href":"https:\/\/psichess.com\/en\/wp-json\/wp\/v2\/comments?post=23164"}],"wp:featuredmedia":[{"embeddable":true,"href":"https:\/\/psichess.com\/en\/wp-json\/wp\/v2\/media\/71666"}],"wp:attachment":[{"href":"https:\/\/psichess.com\/en\/wp-json\/wp\/v2\/media?parent=23164"}],"wp:term":[{"taxonomy":"product_brand","embeddable":true,"href":"https:\/\/psichess.com\/en\/wp-json\/wp\/v2\/product_brand?post=23164"},{"taxonomy":"product_cat","embeddable":true,"href":"https:\/\/psichess.com\/en\/wp-json\/wp\/v2\/product_cat?post=23164"},{"taxonomy":"product_tag","embeddable":true,"href":"https:\/\/psichess.com\/en\/wp-json\/wp\/v2\/product_tag?post=23164"}],"curies":[{"name":"wp","href":"https:\/\/api.w.org\/{rel}","templated":true}]}}