{"id":23178,"date":"2025-05-26T13:22:17","date_gmt":"2025-05-26T11:22:17","guid":{"rendered":"https:\/\/psichess.com\/?post_type=product&#038;p=23178"},"modified":"2025-10-15T10:47:09","modified_gmt":"2025-10-15T08:47:09","slug":"psicologia-aplicada-al-ajedrez-lifetime","status":"publish","type":"product","link":"https:\/\/psichess.com\/en\/producto\/psicologia-aplicada-al-ajedrez-lifetime\/","title":{"rendered":"Psicolog\u00eda aplicada al ajedrez &#8211; Lifetime"},"content":{"rendered":"<p>Pretendemos ofrecer herramientas y t\u00e9cnicas de aplicaci\u00f3n pr\u00e1ctica e inmediata, fundamentada en la experiencia acumulada en los \u00faltimos a\u00f1os con deportistas de todos los niveles y edades.<\/p>\n<p>En el ajedrez de competici\u00f3n, como en cualquier otro deporte, el factor psicol\u00f3gico es una parte esencial para lograr un rendimiento \u00f3ptimo. Aumentar la atenci\u00f3n y la concentraci\u00f3n, lograr un nivel alto de motivaci\u00f3n, gestionar las emociones que aparecen durante la partida o lograr buenos niveles de confianza en los deportistas, marcar\u00e1 diferencias sustanciales durante el desarrollo de la competici\u00f3n.<\/p>\n<h2>CERTIFICACI\u00d3N<\/h2>\n<p>Este curso cuenta con un diploma ACREDITATIVO de superaci\u00f3n de los contenidos expedido por PsiChess.<\/p>\n<h4>ESTRUCTURA DEL CURSO<\/h4>\n<ul>\n<li>Desarrollo del tema<\/li>\n<li>Art\u00edculos cient\u00edficos<\/li>\n<li>Textos de opini\u00f3n<\/li>\n<li>Libros especializados<\/li>\n<li>Materiales audiovisuales<\/li>\n<li>Foro de debate<\/li>\n<\/ul>\n<div><\/div>\n<div>\n<h4>\u00bfQU\u00c9 ENCONTRAR\u00c1S CON EL PAQUETE B\u00c1SICO?<\/h4>\n<ul>\n<li>Curso disponible durante 3 meses.<\/li>\n<li>Material descargable en formatos pdf.<\/li>\n<li>Webinar en directo con todos los alumnos del curso para resolver dudas o plantear cuestiones sobre el curso.<\/li>\n<li>Tutorizaci\u00f3n mediante correo electr\u00f3nico.<\/li>\n<li>Diploma acreditativo de la superaci\u00f3n del curso.<\/li>\n<\/ul>\n<\/div>\n","protected":false},"excerpt":{"rendered":"<p>Curso sobre psicolog\u00eda aplicada al ajedrez donde se podr\u00e1n aprender t\u00e9cnicas para llevar a la competici\u00f3n.<\/p>\n","protected":false},"featured_media":71181,"comment_status":"closed","ping_status":"closed","template":"","meta":{"_acf_changed":false,"_et_pb_use_builder":"","_et_pb_old_content":"","_et_gb_content_width":""},"product_brand":[],"product_cat":[30],"product_tag":[],"class_list":{"0":"post-23178","1":"product","2":"type-product","3":"status-publish","4":"has-post-thumbnail","6":"product_cat-curso","8":"first","9":"instock","10":"virtual","11":"purchasable","12":"product-type-simple"},"acf":[],"_links":{"self":[{"href":"https:\/\/psichess.com\/en\/wp-json\/wp\/v2\/product\/23178","targetHints":{"allow":["GET"]}}],"collection":[{"href":"https:\/\/psichess.com\/en\/wp-json\/wp\/v2\/product"}],"about":[{"href":"https:\/\/psichess.com\/en\/wp-json\/wp\/v2\/types\/product"}],"replies":[{"embeddable":true,"href":"https:\/\/psichess.com\/en\/wp-json\/wp\/v2\/comments?post=23178"}],"wp:featuredmedia":[{"embeddable":true,"href":"https:\/\/psichess.com\/en\/wp-json\/wp\/v2\/media\/71181"}],"wp:attachment":[{"href":"https:\/\/psichess.com\/en\/wp-json\/wp\/v2\/media?parent=23178"}],"wp:term":[{"taxonomy":"product_brand","embeddable":true,"href":"https:\/\/psichess.com\/en\/wp-json\/wp\/v2\/product_brand?post=23178"},{"taxonomy":"product_cat","embeddable":true,"href":"https:\/\/psichess.com\/en\/wp-json\/wp\/v2\/product_cat?post=23178"},{"taxonomy":"product_tag","embeddable":true,"href":"https:\/\/psichess.com\/en\/wp-json\/wp\/v2\/product_tag?post=23178"}],"curies":[{"name":"wp","href":"https:\/\/api.w.org\/{rel}","templated":true}]}}