{"id":71174,"date":"2025-07-25T11:25:48","date_gmt":"2025-07-25T09:25:48","guid":{"rendered":"https:\/\/psichess.com\/?post_type=product&#038;p=71174"},"modified":"2025-09-12T09:00:45","modified_gmt":"2025-09-12T07:00:45","slug":"gestion-eficaz-del-tiempo","status":"publish","type":"product","link":"https:\/\/psichess.com\/en\/producto\/gestion-eficaz-del-tiempo\/","title":{"rendered":"Gesti\u00f3n eficaz del tiempo"},"content":{"rendered":"<h4><strong>DESCRIPCI\u00d3N DEL CURSO<\/strong><\/h4>\n<p>En ajedrez el reloj es una parte fundamental y son muchos los errores que se cometen a partir de \u00e9l. Hay muchos deportistas que tienen problemas graves con la gesti\u00f3n del tiempo y no saben medir su correcta regulaci\u00f3n, consumiendo muchos minutos en situaciones innecesarias o utilizando m\u00e9todos de pensamiento incorrectos que le llevan a gastar multitud de minutos analizando situaciones triviales.<\/p>\n<p>Este curso nace con el firme prop\u00f3sito de dar una metodolog\u00eda de trabajo para gestionar correctamente el tiempo. Buscamos el propio autoconocimiento del deportista, su manera de pensar y afrontar la partida y c\u00f3mo el reloj toma parte en este entramado.<\/p>\n<p>Basado en la experiencia de muchos a\u00f1os de trabajo con ajedrecistas, presentamos un modelo que ayudar\u00e1 al deportista a tomar consciencia y entrenar para gestionar correctamente su tiempo o el de sus alumnos. Y lo haremos desde la psicolog\u00eda, proponiendo modos alternativos y eficientes de pensamiento, y desde la t\u00e9cnica, ofreciendo herramientas de evaluaci\u00f3n y entrenamiento eficaces.<\/p>\n<h4><strong>CERTIFICACI\u00d3N<\/strong><\/h4>\n<p>Nuestro curso cuenta con un Diploma acreditativo y nominativo con el n\u00famero de horas y las materias impartidas.<\/p>\n<h4><strong>ESTRUCTURA DEL CURSO<\/strong><\/h4>\n<ul class=\"thim-list-content\">\n<li>Material audiovisual.<\/li>\n<li>Tutorizaci\u00f3n para plantear e intercambiar dudas y sugerencias.<\/li>\n<li>4 m\u00f3dulos tem\u00e1ticos ampliamente desarrollados.<\/li>\n<li>Materiales complementarios para profundizar en cada tema.<\/li>\n<li>Foro comunitario para preguntas y reflexiones.<\/li>\n<\/ul>\n","protected":false},"excerpt":{"rendered":"<p>M\u00f3dulo 1. Los apuros de tiempo<\/p>\n<p>M\u00f3dulo 2. Toma de decisiones y tiempo<\/p>\n<p>M\u00f3dulo 3. T\u00e9cnicas de manejo de tiempos<\/p>\n<p>M\u00f3dulo 4. La gesti\u00f3n del tiempo en la pr\u00e1ctica<\/p>\n","protected":false},"featured_media":71182,"comment_status":"closed","ping_status":"closed","template":"","meta":{"_acf_changed":false,"_et_pb_use_builder":"","_et_pb_old_content":"","_et_gb_content_width":""},"product_brand":[],"product_cat":[30],"product_tag":[35,36,37,38],"class_list":{"0":"post-71174","1":"product","2":"type-product","3":"status-publish","4":"has-post-thumbnail","6":"product_cat-curso","7":"product_tag-activacion","8":"product_tag-gestion","9":"product_tag-tecnicas","10":"product_tag-tiempo","12":"first","13":"instock","14":"virtual","15":"purchasable","16":"product-type-simple"},"acf":[],"_links":{"self":[{"href":"https:\/\/psichess.com\/en\/wp-json\/wp\/v2\/product\/71174","targetHints":{"allow":["GET"]}}],"collection":[{"href":"https:\/\/psichess.com\/en\/wp-json\/wp\/v2\/product"}],"about":[{"href":"https:\/\/psichess.com\/en\/wp-json\/wp\/v2\/types\/product"}],"replies":[{"embeddable":true,"href":"https:\/\/psichess.com\/en\/wp-json\/wp\/v2\/comments?post=71174"}],"wp:featuredmedia":[{"embeddable":true,"href":"https:\/\/psichess.com\/en\/wp-json\/wp\/v2\/media\/71182"}],"wp:attachment":[{"href":"https:\/\/psichess.com\/en\/wp-json\/wp\/v2\/media?parent=71174"}],"wp:term":[{"taxonomy":"product_brand","embeddable":true,"href":"https:\/\/psichess.com\/en\/wp-json\/wp\/v2\/product_brand?post=71174"},{"taxonomy":"product_cat","embeddable":true,"href":"https:\/\/psichess.com\/en\/wp-json\/wp\/v2\/product_cat?post=71174"},{"taxonomy":"product_tag","embeddable":true,"href":"https:\/\/psichess.com\/en\/wp-json\/wp\/v2\/product_tag?post=71174"}],"curies":[{"name":"wp","href":"https:\/\/api.w.org\/{rel}","templated":true}]}}