{"id":71177,"date":"2025-07-25T11:29:42","date_gmt":"2025-07-25T09:29:42","guid":{"rendered":"https:\/\/psichess.com\/?post_type=product&#038;p=71177"},"modified":"2025-09-12T09:03:39","modified_gmt":"2025-09-12T07:03:39","slug":"control-del-estres-en-ajedrez","status":"publish","type":"product","link":"https:\/\/psichess.com\/en\/producto\/control-del-estres-en-ajedrez\/","title":{"rendered":"Control del estr\u00e9s en ajedrez"},"content":{"rendered":"<h4><strong>aDESCRIPCI\u00d3N DEL CURSO<\/strong><\/h4>\n<p>A lo largo de una partida y\/o competici\u00f3n, el deportista est\u00e1 expuesta a multitud de situaciones estresantes que debe aprender a manejar para que su rendimiento no se vea afectado. Ya desde antes de la partida, el nivel de activaci\u00f3n fluct\u00faa mucho entre deportistas y la valencia emocional que sienten, positiva o negativa, deja una huella importante en ellos.<\/p>\n<p>Aprender a controlar las situaciones estresantes, afrontar de una manera conveniente esas situaciones y poner soluciones r\u00e1pidas puede marcar una diferencia decisiva en el resultado final.<\/p>\n<p>A lo largo de este curso el alumnado aprender\u00e1 t\u00e9cnicas psicol\u00f3gicas enfocadas en el control del estr\u00e9s, as\u00ed como aprender\u00e1 a detectar las se\u00f1ales importantes para poner en pr\u00e1ctica las t\u00e9cnicas.<\/p>\n<h4><strong>CERTIFICACI\u00d3N<\/strong><\/h4>\n<p>Nuestro curso cuenta con un Diploma acreditativo y nominativo con el n\u00famero de horas y las materias impartidas.<\/p>\n<h4><strong>ESTRUCTURA DEL CURSO<\/strong><\/h4>\n<ul class=\"thim-list-content\">\n<li>Material audiovisual.<\/li>\n<li>Tutorizaci\u00f3n para plantear e intercambiar dudas y sugerencias.activaci\u00f3n, estr\u00e9s<\/li>\n<li>4 m\u00f3dulos tem\u00e1ticos ampliamente desarrollados.<\/li>\n<li>Materiales complementarios para profundizar en cada tema.<\/li>\n<li>Foro comunitario para preguntas y reflexiones.<\/li>\n<\/ul>\n","protected":false},"excerpt":{"rendered":"<p>aDESCRIPCI\u00d3N DEL CURSO A lo largo de una partida y\/o competici\u00f3n, el deportista est\u00e1 expuesta a multitud de situaciones estresantes que debe aprender a manejar para que su rendimiento no se vea afectado. Ya desde antes de la partida, el nivel de activaci\u00f3n fluct\u00faa mucho entre deportistas y la valencia emocional que sienten, positiva o [&hellip;]<\/p>\n","protected":false},"featured_media":71178,"comment_status":"closed","ping_status":"closed","template":"","meta":{"_acf_changed":false,"_et_pb_use_builder":"","_et_pb_old_content":"","_et_gb_content_width":""},"product_brand":[],"product_cat":[30],"product_tag":[35,39,36,40,37],"class_list":{"0":"post-71177","1":"product","2":"type-product","3":"status-publish","4":"has-post-thumbnail","6":"product_cat-curso","7":"product_tag-activacion","8":"product_tag-estres","9":"product_tag-gestion","10":"product_tag-relajacion","11":"product_tag-tecnicas","13":"first","14":"instock","15":"virtual","16":"purchasable","17":"product-type-simple"},"acf":[],"_links":{"self":[{"href":"https:\/\/psichess.com\/en\/wp-json\/wp\/v2\/product\/71177","targetHints":{"allow":["GET"]}}],"collection":[{"href":"https:\/\/psichess.com\/en\/wp-json\/wp\/v2\/product"}],"about":[{"href":"https:\/\/psichess.com\/en\/wp-json\/wp\/v2\/types\/product"}],"replies":[{"embeddable":true,"href":"https:\/\/psichess.com\/en\/wp-json\/wp\/v2\/comments?post=71177"}],"wp:featuredmedia":[{"embeddable":true,"href":"https:\/\/psichess.com\/en\/wp-json\/wp\/v2\/media\/71178"}],"wp:attachment":[{"href":"https:\/\/psichess.com\/en\/wp-json\/wp\/v2\/media?parent=71177"}],"wp:term":[{"taxonomy":"product_brand","embeddable":true,"href":"https:\/\/psichess.com\/en\/wp-json\/wp\/v2\/product_brand?post=71177"},{"taxonomy":"product_cat","embeddable":true,"href":"https:\/\/psichess.com\/en\/wp-json\/wp\/v2\/product_cat?post=71177"},{"taxonomy":"product_tag","embeddable":true,"href":"https:\/\/psichess.com\/en\/wp-json\/wp\/v2\/product_tag?post=71177"}],"curies":[{"name":"wp","href":"https:\/\/api.w.org\/{rel}","templated":true}]}}