{"id":71184,"date":"2025-07-25T11:54:00","date_gmt":"2025-07-25T09:54:00","guid":{"rendered":"https:\/\/psichess.com\/?post_type=product&#038;p=71184"},"modified":"2025-09-12T09:06:32","modified_gmt":"2025-09-12T07:06:32","slug":"escuela-para-madres-y-padres-de-ajedrecistas","status":"publish","type":"product","link":"https:\/\/psichess.com\/en\/producto\/escuela-para-madres-y-padres-de-ajedrecistas\/","title":{"rendered":"Escuela para madres y padres de ajedrecistas"},"content":{"rendered":"<h4><strong>DESCRIPCI\u00d3N DEL CURSO<\/strong><\/h4>\n<p>\u00bfC\u00f3mo puedo ayudar a mi hijo\/a a que estudie? \u00bfQu\u00e9 puedo hacer para que mi hijo\/a no se enfade despu\u00e9s de una derrota? \u00bfEs aconsejable llevar a mi hijo\/a a que juegue partidas r\u00e1pidas? \u00bfC\u00f3mo puedo hablar con mi hijo\/a despu\u00e9s de una partida sin que suponga un enfrentamiento? Estas preguntas, y muchas otras, son muy recurrentes en el plano deportivo. En ajedrez, adem\u00e1s, se suma el desconocimiento de la complejidad de las competiciones y el juego: el m\u00f3dulo hace creer que el ajedrez es f\u00e1cil y la toma de decisiones en el tablero no implica mucha dificultad.<\/p>\n<p>A trav\u00e9s de este curso queremos ofrecer a las madres y padres un kit de herramientas psicol\u00f3gicas para afrontar las diferentes particularidades que se pueden encontrar con el ajedrez. Las madres y padres son uno de los n\u00facleos esenciales de la tr\u00edada deportista-entrenador-madre\/padre y, es por este motivo, que cuanta m\u00e1s informaci\u00f3n tengan sobre c\u00f3mo afrontar o exteriorizar determinadas situaciones, mejor ser\u00e1 para el crecimiento de sus hijos\/as.<\/p>\n<p>Profundizaremos sobre algunos mitos relacionados con el ajedrez y el desarrollo de habilidades psicol\u00f3gicas como la motivaci\u00f3n, la autoestima, la planificaci\u00f3n o los refuerzos.<\/p>\n<h4><strong>CERTIFICACI\u00d3N<\/strong><\/h4>\n<p>Nuestro curso cuenta con un Diploma acreditativo y nominativo con el n\u00famero de horas y las materias impartidas.<\/p>\n<h4><strong>ESTRUCTURA DEL CURSO<\/strong><\/h4>\n<ul class=\"thim-list-content\">\n<li>Material audiovisual.<\/li>\n<li>Tutorizaci\u00f3n para plantear e intercambiar dudas y sugerencias.<\/li>\n<li>4 m\u00f3dulos tem\u00e1ticos ampliamente desarrollados.<\/li>\n<li>Materiales complementarios para profundizar en cada tema.<\/li>\n<li>Foro comunitario para preguntas y reflexiones.<\/li>\n<\/ul>\n","protected":false},"excerpt":{"rendered":"<p>DESCRIPCI\u00d3N DEL CURSO \u00bfC\u00f3mo puedo ayudar a mi hijo\/a a que estudie? \u00bfQu\u00e9 puedo hacer para que mi hijo\/a no se enfade despu\u00e9s de una derrota? \u00bfEs aconsejable llevar a mi hijo\/a a que juegue partidas r\u00e1pidas? \u00bfC\u00f3mo puedo hablar con mi hijo\/a despu\u00e9s de una partida sin que suponga un enfrentamiento? Estas preguntas, y [&hellip;]<\/p>\n","protected":false},"featured_media":71185,"comment_status":"closed","ping_status":"closed","template":"","meta":{"_acf_changed":false,"_et_pb_use_builder":"","_et_pb_old_content":"","_et_gb_content_width":""},"product_brand":[],"product_cat":[30],"product_tag":[41,42,43,44,45,46,47,48,49],"class_list":{"0":"post-71184","1":"product","2":"type-product","3":"status-publish","4":"has-post-thumbnail","6":"product_cat-curso","7":"product_tag-apoyo-emocional","8":"product_tag-buenas-practicas","9":"product_tag-emociones","10":"product_tag-estudio","11":"product_tag-hijas","12":"product_tag-hijos","13":"product_tag-madres","14":"product_tag-motivacion","15":"product_tag-padres","17":"first","18":"instock","19":"virtual","20":"purchasable","21":"product-type-simple"},"acf":[],"_links":{"self":[{"href":"https:\/\/psichess.com\/en\/wp-json\/wp\/v2\/product\/71184","targetHints":{"allow":["GET"]}}],"collection":[{"href":"https:\/\/psichess.com\/en\/wp-json\/wp\/v2\/product"}],"about":[{"href":"https:\/\/psichess.com\/en\/wp-json\/wp\/v2\/types\/product"}],"replies":[{"embeddable":true,"href":"https:\/\/psichess.com\/en\/wp-json\/wp\/v2\/comments?post=71184"}],"wp:featuredmedia":[{"embeddable":true,"href":"https:\/\/psichess.com\/en\/wp-json\/wp\/v2\/media\/71185"}],"wp:attachment":[{"href":"https:\/\/psichess.com\/en\/wp-json\/wp\/v2\/media?parent=71184"}],"wp:term":[{"taxonomy":"product_brand","embeddable":true,"href":"https:\/\/psichess.com\/en\/wp-json\/wp\/v2\/product_brand?post=71184"},{"taxonomy":"product_cat","embeddable":true,"href":"https:\/\/psichess.com\/en\/wp-json\/wp\/v2\/product_cat?post=71184"},{"taxonomy":"product_tag","embeddable":true,"href":"https:\/\/psichess.com\/en\/wp-json\/wp\/v2\/product_tag?post=71184"}],"curies":[{"name":"wp","href":"https:\/\/api.w.org\/{rel}","templated":true}]}}