{"id":71186,"date":"2025-07-25T11:57:07","date_gmt":"2025-07-25T09:57:07","guid":{"rendered":"https:\/\/psichess.com\/?post_type=product&#038;p=71186"},"modified":"2025-09-12T09:09:40","modified_gmt":"2025-09-12T07:09:40","slug":"desarrollo-y-manejo-de-la-atencion-concentracion","status":"publish","type":"product","link":"https:\/\/psichess.com\/en\/producto\/desarrollo-y-manejo-de-la-atencion-concentracion\/","title":{"rendered":"Desarrollo y manejo de la atenci\u00f3n\/concentraci\u00f3n"},"content":{"rendered":"<h4><strong>DESCRIPCI\u00d3N DEL CURSO<\/strong><\/h4>\n<p>Si reflexionamos de manera profunda sobre la causa de nuestros errores en la toma de decisiones (<em>porqu\u00e9 realic\u00e9 esa jugada, c\u00f3mo no pude ver esa amenaza, cu\u00e1l es la raz\u00f3n para no ver esta jugada que ganaba\u2026<\/em>), r\u00e1pidamente podremos darnos cuenta que hay una habilidad que tiene un papel central en ellos: la atenci\u00f3n.<\/p>\n<p>Muchos de los errores que cometemos tienen su causa originaria en la falta de atenci\u00f3n o, como a mi me gusta llamarla, en <em>secuestros atencionales.<\/em> Puede ser que el error est\u00e9 precedido por una <em>ausencia<\/em> puntual y, en un momento cr\u00edtico, no se realiza la jugada correcta y se pierde. O puede ser que esa <em>ausencia <\/em>est\u00e9 extendida en el tiempo: son partidas donde aparece una baja motivaci\u00f3n e inter\u00e9s, bien porque la fuerza de los rivales es muy dispar, bien por un estado an\u00edmico desagradable que dificulta la atenci\u00f3n, o por otros motivos.<\/p>\n<p>Si ahora nos tomamos otro tiempo para reflexionar en nuestras mejores partidas, aquellas donde nos hemos superado a nosotros mismos y hemos realizado una partida magn\u00edfica, podremos observar que, tambi\u00e9n, la atenci\u00f3n es una habilidad central en la misma.<\/p>\n<p>En este curso podr\u00e1s ver todos los detalles acerca de la atenci\u00f3n\/concentraci\u00f3n y aprender para su manejo en la competici\u00f3n, a trav\u00e9s del entrenamiento.<\/p>\n<h4><strong>CERTIFICACI\u00d3N<\/strong><\/h4>\n<p>Nuestro curso cuenta con un Diploma acreditativo y nominativo con el n\u00famero de horas y las materias impartidas.<\/p>\n<h4><strong>ESTRUCTURA DEL CURSO<\/strong><\/h4>\n<ul class=\"thim-list-content\">\n<li>Material audiovisual.<\/li>\n<li>Tutorizaci\u00f3n para plantear e intercambiar dudas y sugerencias.<\/li>\n<li>4 m\u00f3dulos tem\u00e1ticos ampliamente desarrollados.<\/li>\n<li>Materiales complementarios para profundizar en cada tema.<\/li>\n<li>Foro comunitario para preguntas y reflexiones.<\/li>\n<\/ul>\n","protected":false},"excerpt":{"rendered":"<p>DESCRIPCI\u00d3N DEL CURSO Si reflexionamos de manera profunda sobre la causa de nuestros errores en la toma de decisiones (porqu\u00e9 realic\u00e9 esa jugada, c\u00f3mo no pude ver esa amenaza, cu\u00e1l es la raz\u00f3n para no ver esta jugada que ganaba\u2026), r\u00e1pidamente podremos darnos cuenta que hay una habilidad que tiene un papel central en ellos: [&hellip;]<\/p>\n","protected":false},"featured_media":71187,"comment_status":"closed","ping_status":"closed","template":"","meta":{"_acf_changed":false,"_et_pb_use_builder":"","_et_pb_old_content":"","_et_gb_content_width":""},"product_brand":[],"product_cat":[30],"product_tag":[50,51,52,53],"class_list":{"0":"post-71186","1":"product","2":"type-product","3":"status-publish","4":"has-post-thumbnail","6":"product_cat-curso","7":"product_tag-atencion","8":"product_tag-concentracion","9":"product_tag-psicologia","10":"product_tag-razonamiento","12":"first","13":"instock","14":"virtual","15":"purchasable","16":"product-type-simple"},"acf":[],"_links":{"self":[{"href":"https:\/\/psichess.com\/en\/wp-json\/wp\/v2\/product\/71186","targetHints":{"allow":["GET"]}}],"collection":[{"href":"https:\/\/psichess.com\/en\/wp-json\/wp\/v2\/product"}],"about":[{"href":"https:\/\/psichess.com\/en\/wp-json\/wp\/v2\/types\/product"}],"replies":[{"embeddable":true,"href":"https:\/\/psichess.com\/en\/wp-json\/wp\/v2\/comments?post=71186"}],"wp:featuredmedia":[{"embeddable":true,"href":"https:\/\/psichess.com\/en\/wp-json\/wp\/v2\/media\/71187"}],"wp:attachment":[{"href":"https:\/\/psichess.com\/en\/wp-json\/wp\/v2\/media?parent=71186"}],"wp:term":[{"taxonomy":"product_brand","embeddable":true,"href":"https:\/\/psichess.com\/en\/wp-json\/wp\/v2\/product_brand?post=71186"},{"taxonomy":"product_cat","embeddable":true,"href":"https:\/\/psichess.com\/en\/wp-json\/wp\/v2\/product_cat?post=71186"},{"taxonomy":"product_tag","embeddable":true,"href":"https:\/\/psichess.com\/en\/wp-json\/wp\/v2\/product_tag?post=71186"}],"curies":[{"name":"wp","href":"https:\/\/api.w.org\/{rel}","templated":true}]}}