{"id":71188,"date":"2025-07-25T11:59:02","date_gmt":"2025-07-25T09:59:02","guid":{"rendered":"https:\/\/psichess.com\/?post_type=product&#038;p=71188"},"modified":"2025-09-12T08:49:24","modified_gmt":"2025-09-12T06:49:24","slug":"mindfulness-aplicado-al-ajedrez","status":"publish","type":"product","link":"https:\/\/psichess.com\/en\/producto\/mindfulness-aplicado-al-ajedrez\/","title":{"rendered":"Mindfulness aplicado al ajedrez"},"content":{"rendered":"<h4><strong>DESCRIPCI\u00d3N DEL CURSO<\/strong><\/h4>\n<p>Mindfulness o Atenci\u00f3n Plena significa<strong>\u00a0prestar atenci\u00f3n de manera conciente a la experiencia del momento presente con inter\u00e9s, curiosidad y aceptaci\u00f3n<\/strong>. Jon Kabat-Zinn, conocido referente mundial de Mindfulness por haber introducido esta pr\u00e1ctica dentro del modelo m\u00e9dico de occidente hace m\u00e1s de 30 a\u00f1os, fund\u00f3 la\u00a0<strong>Cl\u00ednica de Reducci\u00f3n de Estr\u00e9s en el Centro M\u00e9dico de la Universidad de Massachusetts<\/strong>. All\u00ed introdujo a los pacientes a la pr\u00e1ctica de Mindfulness para el tratamiento de problemas f\u00edsicos, y psicol\u00f3gicos, dolor cr\u00f3nico, y otros s\u00edntomas asociados al estr\u00e9s.<\/p>\n<p><strong>Jon Kabat-Zinn<\/strong>\u00a0define Mindfulness como<em>: <\/em><em>\u201cPrestar atenci\u00f3n de manera intencional al momento presente, sin juzgar\u201d.<\/em><\/p>\n<h4><strong>CERTIFICACI\u00d3N<\/strong><\/h4>\n<p>Nuestro curso cuenta con un Diploma acreditativo y nominativo con el n\u00famero de horas y las materias impartidas.<\/p>\n<h4><strong>ESTRUCTURA DEL CURSO<\/strong><\/h4>\n<ul class=\"thim-list-content\">\n<li>Material audiovisual.<\/li>\n<li>Tutorizaci\u00f3n para plantear e intercambiar dudas y sugerencias.<\/li>\n<li>4 m\u00f3dulos tem\u00e1ticos ampliamente desarrollados.<\/li>\n<li>Materiales complementarios para profundizar en cada tema.<\/li>\n<li>Foro comunitario para preguntas y reflexiones.<\/li>\n<\/ul>\n","protected":false},"excerpt":{"rendered":"<p>DESCRIPCI\u00d3N DEL CURSO Mindfulness o Atenci\u00f3n Plena significa\u00a0prestar atenci\u00f3n de manera conciente a la experiencia del momento presente con inter\u00e9s, curiosidad y aceptaci\u00f3n. Jon Kabat-Zinn, conocido referente mundial de Mindfulness por haber introducido esta pr\u00e1ctica dentro del modelo m\u00e9dico de occidente hace m\u00e1s de 30 a\u00f1os, fund\u00f3 la\u00a0Cl\u00ednica de Reducci\u00f3n de Estr\u00e9s en el Centro [&hellip;]<\/p>\n","protected":false},"featured_media":71189,"comment_status":"closed","ping_status":"closed","template":"","meta":{"_acf_changed":false,"_et_pb_use_builder":"","_et_pb_old_content":"","_et_gb_content_width":""},"product_brand":[],"product_cat":[30],"product_tag":[54,55,52,53],"class_list":{"0":"post-71188","1":"product","2":"type-product","3":"status-publish","4":"has-post-thumbnail","6":"product_cat-curso","7":"product_tag-calculo","8":"product_tag-matematicas","9":"product_tag-psicologia","10":"product_tag-razonamiento","12":"first","13":"instock","14":"virtual","15":"purchasable","16":"product-type-simple"},"acf":[],"_links":{"self":[{"href":"https:\/\/psichess.com\/en\/wp-json\/wp\/v2\/product\/71188","targetHints":{"allow":["GET"]}}],"collection":[{"href":"https:\/\/psichess.com\/en\/wp-json\/wp\/v2\/product"}],"about":[{"href":"https:\/\/psichess.com\/en\/wp-json\/wp\/v2\/types\/product"}],"replies":[{"embeddable":true,"href":"https:\/\/psichess.com\/en\/wp-json\/wp\/v2\/comments?post=71188"}],"wp:featuredmedia":[{"embeddable":true,"href":"https:\/\/psichess.com\/en\/wp-json\/wp\/v2\/media\/71189"}],"wp:attachment":[{"href":"https:\/\/psichess.com\/en\/wp-json\/wp\/v2\/media?parent=71188"}],"wp:term":[{"taxonomy":"product_brand","embeddable":true,"href":"https:\/\/psichess.com\/en\/wp-json\/wp\/v2\/product_brand?post=71188"},{"taxonomy":"product_cat","embeddable":true,"href":"https:\/\/psichess.com\/en\/wp-json\/wp\/v2\/product_cat?post=71188"},{"taxonomy":"product_tag","embeddable":true,"href":"https:\/\/psichess.com\/en\/wp-json\/wp\/v2\/product_tag?post=71188"}],"curies":[{"name":"wp","href":"https:\/\/api.w.org\/{rel}","templated":true}]}}