{"id":71192,"date":"2025-07-25T12:07:04","date_gmt":"2025-07-25T10:07:04","guid":{"rendered":"https:\/\/psichess.com\/?post_type=product&#038;p=71192"},"modified":"2025-09-12T09:13:59","modified_gmt":"2025-09-12T07:13:59","slug":"preparacion-mental-en-ajedrez","status":"publish","type":"product","link":"https:\/\/psichess.com\/en\/producto\/preparacion-mental-en-ajedrez\/","title":{"rendered":"Preparaci\u00f3n mental en ajedrez"},"content":{"rendered":"<h4><strong>DESCRIPCI\u00d3N DEL CURSO<\/strong><\/h4>\n<p>La preparaci\u00f3n mental es un elemento clave y esencial para afrontar los diferentes momentos competitivos que se dan en la pr\u00e1ctica real.<\/p>\n<p>A lo largo de este curso, el alumnado podr\u00e1 conocer las principales herramientas de la psicolog\u00eda para llevarlas a sus partidas y competiciones. Aprender\u00e1 a elaborar un plan de trabajo para entrenar el aspecto mental y desarrollar las diferentes habilidades psicol\u00f3gicas.<\/p>\n<h4><strong>CERTIFICACI\u00d3N<\/strong><\/h4>\n<p>Este curso cuenta con un diploma expedido por PsiChess donde aparece la informaci\u00f3n sobre la superaci\u00f3n de los contenidos.<\/p>\n<h4><strong>ESTRUCTURA DEL CURSO<\/strong><\/h4>\n<ul>\n<li>Material audiovisual.<\/li>\n<li>Tutorizaci\u00f3n para plantear e intercambiar dudas y sugerencias.<\/li>\n<li>4 m\u00f3dulos tem\u00e1ticos ampliamente desarrollados.<\/li>\n<li>Materiales complementarios para profundizar en cada tema.<\/li>\n<li>Foro comunitario para preguntas y reflexiones.<\/li>\n<\/ul>\n","protected":false},"excerpt":{"rendered":"<p>Curso sobre la preparaci\u00f3n mental y c\u00f3mo implementarla a lo largo de la competici\u00f3n.<\/p>\n","protected":false},"featured_media":71193,"comment_status":"closed","ping_status":"closed","template":"","meta":{"_acf_changed":false,"_et_pb_use_builder":"","_et_pb_old_content":"","_et_gb_content_width":""},"product_brand":[],"product_cat":[30],"product_tag":[51,48,59,60,61],"class_list":{"0":"post-71192","1":"product","2":"type-product","3":"status-publish","4":"has-post-thumbnail","6":"product_cat-curso","7":"product_tag-concentracion","8":"product_tag-motivacion","9":"product_tag-preparacion","10":"product_tag-rendimiento","11":"product_tag-tecnicas-psicologicas","13":"first","14":"instock","15":"virtual","16":"purchasable","17":"product-type-simple"},"acf":[],"_links":{"self":[{"href":"https:\/\/psichess.com\/en\/wp-json\/wp\/v2\/product\/71192","targetHints":{"allow":["GET"]}}],"collection":[{"href":"https:\/\/psichess.com\/en\/wp-json\/wp\/v2\/product"}],"about":[{"href":"https:\/\/psichess.com\/en\/wp-json\/wp\/v2\/types\/product"}],"replies":[{"embeddable":true,"href":"https:\/\/psichess.com\/en\/wp-json\/wp\/v2\/comments?post=71192"}],"wp:featuredmedia":[{"embeddable":true,"href":"https:\/\/psichess.com\/en\/wp-json\/wp\/v2\/media\/71193"}],"wp:attachment":[{"href":"https:\/\/psichess.com\/en\/wp-json\/wp\/v2\/media?parent=71192"}],"wp:term":[{"taxonomy":"product_brand","embeddable":true,"href":"https:\/\/psichess.com\/en\/wp-json\/wp\/v2\/product_brand?post=71192"},{"taxonomy":"product_cat","embeddable":true,"href":"https:\/\/psichess.com\/en\/wp-json\/wp\/v2\/product_cat?post=71192"},{"taxonomy":"product_tag","embeddable":true,"href":"https:\/\/psichess.com\/en\/wp-json\/wp\/v2\/product_tag?post=71192"}],"curies":[{"name":"wp","href":"https:\/\/api.w.org\/{rel}","templated":true}]}}