{"id":71194,"date":"2025-07-25T12:09:50","date_gmt":"2025-07-25T10:09:50","guid":{"rendered":"https:\/\/psichess.com\/?post_type=product&#038;p=71194"},"modified":"2025-09-12T09:16:26","modified_gmt":"2025-09-12T07:16:26","slug":"tecnicas-psicologicas-para-mejorar-en-ajedrez","status":"publish","type":"product","link":"https:\/\/psichess.com\/en\/producto\/tecnicas-psicologicas-para-mejorar-en-ajedrez\/","title":{"rendered":"T\u00e9cnicas psicol\u00f3gicas para mejorar en ajedrez"},"content":{"rendered":"<h4><strong>DESCRIPCI\u00d3N DEL CURSO<\/strong><\/h4>\n<p>Este curso est\u00e1 destinado a todos aquellos deportistas que quieran mejorar su rendimiento durante las competiciones. El curso est\u00e1 enfocado en la adquisici\u00f3n de t\u00e9cnicas y din\u00e1micas pr\u00e1cticas para utilizar en partidas y\/o competiciones. Pretende que el alumnado logre integrar las principales herramientas mentales y as\u00ed afrontar los momentos cr\u00edticos que se encontrar\u00e1 en las partidas.<\/p>\n<p>Despu\u00e9s de m\u00e1s de diez a\u00f1os de desarrollo profesional, este curso sintetiza todas aquellas t\u00e9cnicas que han resultado eficientes para ajedrecistas de todos los niveles.<\/p>\n<h4><strong>CERTIFICACI\u00d3N<\/strong><\/h4>\n<p>Nuestro curso cuenta con un Diploma acreditativo y nominativo con el n\u00famero de horas y las materias impartidas.<\/p>\n<h4><strong>ESTRUCTURA DEL CURSO<\/strong><\/h4>\n<ul>\n<li>Material audiovisual.<\/li>\n<li>Tutorizaci\u00f3n para plantear e intercambiar dudas y sugerencias.<\/li>\n<li>4 m\u00f3dulos tem\u00e1ticos ampliamente desarrollados.<\/li>\n<li>Materiales complementarios para profundizar en cada tema.<\/li>\n<li>Foro comunitario para preguntas y reflexiones.<\/li>\n<\/ul>\n","protected":false},"excerpt":{"rendered":"<p>Curso sobre el aprendizaje de t\u00e9cnicas psicol\u00f3gicas aplicada a la competici\u00f3n en ajedrez.<\/p>\n","protected":false},"featured_media":71195,"comment_status":"closed","ping_status":"closed","template":"","meta":{"_acf_changed":false,"_et_pb_use_builder":"","_et_pb_old_content":"","_et_gb_content_width":""},"product_brand":[],"product_cat":[30],"product_tag":[51,62,48,52,61],"class_list":{"0":"post-71194","1":"product","2":"type-product","3":"status-publish","4":"has-post-thumbnail","6":"product_cat-curso","7":"product_tag-concentracion","8":"product_tag-confianza","9":"product_tag-motivacion","10":"product_tag-psicologia","11":"product_tag-tecnicas-psicologicas","13":"first","14":"instock","15":"virtual","16":"purchasable","17":"product-type-simple"},"acf":[],"_links":{"self":[{"href":"https:\/\/psichess.com\/en\/wp-json\/wp\/v2\/product\/71194","targetHints":{"allow":["GET"]}}],"collection":[{"href":"https:\/\/psichess.com\/en\/wp-json\/wp\/v2\/product"}],"about":[{"href":"https:\/\/psichess.com\/en\/wp-json\/wp\/v2\/types\/product"}],"replies":[{"embeddable":true,"href":"https:\/\/psichess.com\/en\/wp-json\/wp\/v2\/comments?post=71194"}],"wp:featuredmedia":[{"embeddable":true,"href":"https:\/\/psichess.com\/en\/wp-json\/wp\/v2\/media\/71195"}],"wp:attachment":[{"href":"https:\/\/psichess.com\/en\/wp-json\/wp\/v2\/media?parent=71194"}],"wp:term":[{"taxonomy":"product_brand","embeddable":true,"href":"https:\/\/psichess.com\/en\/wp-json\/wp\/v2\/product_brand?post=71194"},{"taxonomy":"product_cat","embeddable":true,"href":"https:\/\/psichess.com\/en\/wp-json\/wp\/v2\/product_cat?post=71194"},{"taxonomy":"product_tag","embeddable":true,"href":"https:\/\/psichess.com\/en\/wp-json\/wp\/v2\/product_tag?post=71194"}],"curies":[{"name":"wp","href":"https:\/\/api.w.org\/{rel}","templated":true}]}}