{"id":71196,"date":"2025-07-25T12:12:31","date_gmt":"2025-07-25T10:12:31","guid":{"rendered":"https:\/\/psichess.com\/?post_type=product&#038;p=71196"},"modified":"2025-09-12T08:31:10","modified_gmt":"2025-09-12T06:31:10","slug":"formacion-en-el-desarrollo-de-habilidades-cognitivas-y-emocionales-a-traves-del-ajedrez","status":"publish","type":"product","link":"https:\/\/psichess.com\/en\/producto\/formacion-en-el-desarrollo-de-habilidades-cognitivas-y-emocionales-a-traves-del-ajedrez\/","title":{"rendered":"Formaci\u00f3n en el desarrollo de habilidades cognitivas y emocionales a trav\u00e9s del ajedrez"},"content":{"rendered":"<h4>DESCRIPCI\u00d3N DEL CURSO<\/h4>\n<p>\u00bfAlguna vez has querido utilizar el ajedrez como una herramienta de trabajo cognitivo y social? \u00bfHas pensado alguna vez que el ajedrez puede ser mucho m\u00e1s que un juego y que puede llegar a muchas personas con dificultades? \u00bfHas sentido la necesidad de dar un giro de 180\u00ba y enfocar el ajedrez desde una metodolog\u00eda que aboga por el crecimiento del ser humano? \u00a1PUES ESTA ES TU FORMACI\u00d3N!<br \/>\nNuestro objetivo es brindarte una metodolog\u00eda pr\u00e1ctica para la utilizaci\u00f3n del ajedrez como una herramienta terap\u00e9utica y social que pueda ser utilizada en una amplia comunidad de personas, atendiendo a sus caracter\u00edsticas concretas y personales. Te animamos a que participes en esta formaci\u00f3n que te ofrecer\u00e1 una visi\u00f3n sobre el ajedrez totalmente novedosa.<\/p>\n<h4>CERTIFICACI\u00d3N<\/h4>\n<p>Nuestro curso cuenta con un Diploma acreditativo y nominativo con el n\u00famero de horas y las materias impartidas.<\/p>\n<h4>ESTRUCTURA DEL CURSO<\/h4>\n<ul class=\"thim-list-content\">\n<li>Clases online en directo mediante Zoom.<\/li>\n<li>7 temas de tem\u00e1tica social y terap\u00e9utica.<\/li>\n<li>Materiales expresamente elaborados para el alumnado.<\/li>\n<li>Foro comunitario para preguntas y reflexiones.<\/li>\n<li>Jornada final con exposici\u00f3n de trabajo.<\/li>\n<li>Tutor\u00edas personalizadas.<\/li>\n<\/ul>\n<h4><\/h4>\n<h4>CALENDARIO Y HORARIO<\/h4>\n<ul>\n<li>Sesi\u00f3n 1: 25 de junio de 17.00 a 21.00 (hora Madrid)<\/li>\n<li>Sesi\u00f3n 2: 2 de julio de 17.00 a 21.00 (hora Madrid)<\/li>\n<\/ul>\n","protected":false},"excerpt":{"rendered":"<p>DESCRIPCI\u00d3N DEL CURSO \u00bfAlguna vez has querido utilizar el ajedrez como una herramienta de trabajo cognitivo y social? \u00bfHas pensado alguna vez que el ajedrez puede ser mucho m\u00e1s que un juego y que puede llegar a muchas personas con dificultades? \u00bfHas sentido la necesidad de dar un giro de 180\u00ba y enfocar el ajedrez [&hellip;]<\/p>\n","protected":false},"featured_media":71197,"comment_status":"closed","ping_status":"closed","template":"","meta":{"_acf_changed":false,"_et_pb_use_builder":"","_et_pb_old_content":"","_et_gb_content_width":""},"product_brand":[],"product_cat":[30],"product_tag":[63,50,51,64,65,66,67],"class_list":{"0":"post-71196","1":"product","2":"type-product","3":"status-publish","4":"has-post-thumbnail","6":"product_cat-curso","7":"product_tag-alzheimer","8":"product_tag-atencion","9":"product_tag-concentracion","10":"product_tag-funciones-ejecutivas","11":"product_tag-memoria","12":"product_tag-social","13":"product_tag-terapeutico","15":"first","16":"outofstock","17":"shipping-taxable","18":"purchasable","19":"product-type-simple"},"acf":[],"_links":{"self":[{"href":"https:\/\/psichess.com\/en\/wp-json\/wp\/v2\/product\/71196","targetHints":{"allow":["GET"]}}],"collection":[{"href":"https:\/\/psichess.com\/en\/wp-json\/wp\/v2\/product"}],"about":[{"href":"https:\/\/psichess.com\/en\/wp-json\/wp\/v2\/types\/product"}],"replies":[{"embeddable":true,"href":"https:\/\/psichess.com\/en\/wp-json\/wp\/v2\/comments?post=71196"}],"wp:featuredmedia":[{"embeddable":true,"href":"https:\/\/psichess.com\/en\/wp-json\/wp\/v2\/media\/71197"}],"wp:attachment":[{"href":"https:\/\/psichess.com\/en\/wp-json\/wp\/v2\/media?parent=71196"}],"wp:term":[{"taxonomy":"product_brand","embeddable":true,"href":"https:\/\/psichess.com\/en\/wp-json\/wp\/v2\/product_brand?post=71196"},{"taxonomy":"product_cat","embeddable":true,"href":"https:\/\/psichess.com\/en\/wp-json\/wp\/v2\/product_cat?post=71196"},{"taxonomy":"product_tag","embeddable":true,"href":"https:\/\/psichess.com\/en\/wp-json\/wp\/v2\/product_tag?post=71196"}],"curies":[{"name":"wp","href":"https:\/\/api.w.org\/{rel}","templated":true}]}}