{"id":71200,"date":"2025-07-25T12:16:16","date_gmt":"2025-07-25T10:16:16","guid":{"rendered":"https:\/\/psichess.com\/?post_type=product&#038;p=71200"},"modified":"2025-09-12T10:11:27","modified_gmt":"2025-09-12T08:11:27","slug":"tecnicas-de-entrenamiento-en-ajedrez","status":"publish","type":"product","link":"https:\/\/psichess.com\/en\/producto\/tecnicas-de-entrenamiento-en-ajedrez\/","title":{"rendered":"T\u00e9cnicas de entrenamiento en ajedrez"},"content":{"rendered":"<h4><strong>DESCRIPCI\u00d3N DEL CURSO<\/strong><\/h4>\n<p>Este curso est\u00e1 destinado, por un lado, a jugadores de cualquier nivel que quieran ver cu\u00e1n importante es el entrenamiento integral durante una competici\u00f3n as\u00ed como aprender t\u00e9cnicas concretas para utilizar ellos mismos durante sus partidas. Por otro lado, vamos a ofrecer ideas y herramientas importantes para cualquier entrenador de ajedrez a la hora de preparar y llevar a cabo las sesiones con sus alumnos.<\/p>\n<p>Desarrollaremos ideas novedosas sobre la preparaci\u00f3n espec\u00edfica de una competici\u00f3n: como afrontar la partida, c\u00f3mo valorar las debilidades y fortalezas del rival y qu\u00e9 decisi\u00f3n tomar ante ellas, c\u00f3mo podemos adelantar y preparar lo que suceder\u00e1 durante la partida y qu\u00e9 situaciones nos vamos a encontrar. Tambi\u00e9n hablaremos sobre c\u00f3mo desarrollar ideas propias en las aperturas o analizar de una forma eficiente las propias partidas.<\/p>\n<p>Desde la experiencia pr\u00e1ctica del ese a\u00f1o, Ernesto y Carlos ir\u00e1n desgranando una a una las principales claves de su trabajo y expondr\u00e1n situaciones reales con las que se encontraron y c\u00f3mo las superaron.<\/p>\n<h4><strong>DIPLOMA<\/strong><\/h4>\n<p>El curso contar\u00e1 con un diploma acreditativo de las horas y tem\u00e1ticas realizadas, firmado por los profesores.<\/p>\n<h4><strong>CONTENIDOS<\/strong><\/h4>\n<ul class=\"thim-list-content\">\n<li>4 bloques tem\u00e1ticos que se desglosan en 50 subtemas.<\/li>\n<li>Estudio de las tres fases de la preparaci\u00f3n.<\/li>\n<li>T\u00e9cnicas de entrenamiento para cada fase de la partida.<\/li>\n<li>T\u00e9cnicas psicol\u00f3gicas para la competici\u00f3n.<\/li>\n<li>Material audiovisual con m\u00e1s de 4 horas de grabaciones.<\/li>\n<li>Art\u00edculos redactados expresamente para el curso.<\/li>\n<li>Resoluci\u00f3n de dudas y preguntas sobre entrenamiento y casos.<\/li>\n<\/ul>\n","protected":false},"excerpt":{"rendered":"<p>DESCRIPCI\u00d3N DEL CURSO Este curso est\u00e1 destinado, por un lado, a jugadores de cualquier nivel que quieran ver cu\u00e1n importante es el entrenamiento integral durante una competici\u00f3n as\u00ed como aprender t\u00e9cnicas concretas para utilizar ellos mismos durante sus partidas. Por otro lado, vamos a ofrecer ideas y herramientas importantes para cualquier entrenador de ajedrez a [&hellip;]<\/p>\n","protected":false},"featured_media":71201,"comment_status":"closed","ping_status":"closed","template":"","meta":{"_acf_changed":false,"_et_pb_use_builder":"","_et_pb_old_content":"","_et_gb_content_width":""},"product_brand":[],"product_cat":[30],"product_tag":[54,68,52,69],"class_list":{"0":"post-71200","1":"product","2":"type-product","3":"status-publish","4":"has-post-thumbnail","6":"product_cat-curso","7":"product_tag-calculo","8":"product_tag-entrenamiento","9":"product_tag-psicologia","10":"product_tag-tecnica","12":"first","13":"instock","14":"virtual","15":"purchasable","16":"product-type-simple"},"acf":[],"_links":{"self":[{"href":"https:\/\/psichess.com\/en\/wp-json\/wp\/v2\/product\/71200","targetHints":{"allow":["GET"]}}],"collection":[{"href":"https:\/\/psichess.com\/en\/wp-json\/wp\/v2\/product"}],"about":[{"href":"https:\/\/psichess.com\/en\/wp-json\/wp\/v2\/types\/product"}],"replies":[{"embeddable":true,"href":"https:\/\/psichess.com\/en\/wp-json\/wp\/v2\/comments?post=71200"}],"wp:featuredmedia":[{"embeddable":true,"href":"https:\/\/psichess.com\/en\/wp-json\/wp\/v2\/media\/71201"}],"wp:attachment":[{"href":"https:\/\/psichess.com\/en\/wp-json\/wp\/v2\/media?parent=71200"}],"wp:term":[{"taxonomy":"product_brand","embeddable":true,"href":"https:\/\/psichess.com\/en\/wp-json\/wp\/v2\/product_brand?post=71200"},{"taxonomy":"product_cat","embeddable":true,"href":"https:\/\/psichess.com\/en\/wp-json\/wp\/v2\/product_cat?post=71200"},{"taxonomy":"product_tag","embeddable":true,"href":"https:\/\/psichess.com\/en\/wp-json\/wp\/v2\/product_tag?post=71200"}],"curies":[{"name":"wp","href":"https:\/\/api.w.org\/{rel}","templated":true}]}}