{"id":71422,"date":"2025-08-25T11:35:20","date_gmt":"2025-08-25T09:35:20","guid":{"rendered":"https:\/\/psichess.com\/?post_type=product&#038;p=71422"},"modified":"2025-09-14T20:00:29","modified_gmt":"2025-09-14T18:00:29","slug":"plan-anual","status":"publish","type":"product","link":"https:\/\/psichess.com\/en\/producto\/plan-anual\/","title":{"rendered":"Plan Anual"},"content":{"rendered":"<p>El acompa\u00f1amiento m\u00e1s completo para jugadores de \u00e9lite.<\/p>\n<p>\u2705 Pago mensual con permanencia de 12 meses.<\/p>\n<p>\u2705 3 sesiones al mes garantizadas.<\/p>\n<p>\u2705 <strong>Seguimiento y apoyo durante los torneos<\/strong>.<\/p>\n<p>\u2705 Supervisi\u00f3n despu\u00e9s de los torneos.<\/p>\n<p>\u2705 Evaluaciones para medir tu progreso.<\/p>\n<p>\u2705 Acceso prioritario y contacto directo durante todo el proceso.<\/p>\n<p>\ud83d\udc49 Para quienes quieren un <strong>acompa\u00f1amiento de \u00e9lite<\/strong>, con preparaci\u00f3n mental continua y apoyo total en la competici\u00f3n.<\/p>\n","protected":false},"excerpt":{"rendered":"<p>El acompa\u00f1amiento m\u00e1s completo para jugadores de \u00e9lite.<\/p>\n","protected":false},"featured_media":71663,"comment_status":"closed","ping_status":"closed","template":"","meta":{"_acf_changed":false,"_et_pb_use_builder":"","_et_pb_old_content":"","_et_gb_content_width":""},"product_brand":[],"product_cat":[29],"product_tag":[],"class_list":{"0":"post-71422","1":"product","2":"type-product","3":"status-publish","4":"has-post-thumbnail","6":"product_cat-psicologia","8":"first","9":"instock","10":"shipping-taxable","11":"purchasable","12":"product-type-simple"},"acf":[],"_links":{"self":[{"href":"https:\/\/psichess.com\/en\/wp-json\/wp\/v2\/product\/71422","targetHints":{"allow":["GET"]}}],"collection":[{"href":"https:\/\/psichess.com\/en\/wp-json\/wp\/v2\/product"}],"about":[{"href":"https:\/\/psichess.com\/en\/wp-json\/wp\/v2\/types\/product"}],"replies":[{"embeddable":true,"href":"https:\/\/psichess.com\/en\/wp-json\/wp\/v2\/comments?post=71422"}],"wp:featuredmedia":[{"embeddable":true,"href":"https:\/\/psichess.com\/en\/wp-json\/wp\/v2\/media\/71663"}],"wp:attachment":[{"href":"https:\/\/psichess.com\/en\/wp-json\/wp\/v2\/media?parent=71422"}],"wp:term":[{"taxonomy":"product_brand","embeddable":true,"href":"https:\/\/psichess.com\/en\/wp-json\/wp\/v2\/product_brand?post=71422"},{"taxonomy":"product_cat","embeddable":true,"href":"https:\/\/psichess.com\/en\/wp-json\/wp\/v2\/product_cat?post=71422"},{"taxonomy":"product_tag","embeddable":true,"href":"https:\/\/psichess.com\/en\/wp-json\/wp\/v2\/product_tag?post=71422"}],"curies":[{"name":"wp","href":"https:\/\/api.w.org\/{rel}","templated":true}]}}